{"id":7,"date":"2014-12-29T13:26:27","date_gmt":"2014-12-29T12:26:27","guid":{"rendered":"http:\/\/abv-visser.nl\/site\/?page_id=7"},"modified":"2023-11-23T11:56:53","modified_gmt":"2023-11-23T10:56:53","slug":"home-2","status":"publish","type":"page","link":"https:\/\/abv-visser.nl\/site\/home-2\/?lang=de","title":{"rendered":"Home"},"content":{"rendered":"\n<p class=\"has-text-align-center has-vivid-red-color has-text-color\"><\/p>\n\n\n\n<p>&#8220;Amel\u00e4nder Bungalow Vermietung Visser&#8221; vermietet drei sch\u00f6ne Bungalows auf Ameland in der N\u00e4he von Ballum.<\/p>\n\n\n\n<p>Doeke und Eva Visser sind die Eigners und wilkommen Sie gerne auf Ameland. Neben die Vermietung der Bungalows haben Doeke und Eva auch die <a href=\"http:\/\/www.amelanderbier.nl\" target=\"_blank\" rel=\"noopener noreferrer\">Amel\u00e4nder Bierbrauerei<\/a>. Wenn Sie einen Bungalow mieten, stehen bei Ankunft nat\u00fcrlich zwei herliche Amel\u00e4nder Bieren f\u00fcr Ihnen in der Bungalow!<\/p>\n\n\n\n<p>Auf diese Site finden Sie weitere Information \u00fcber die Bungalows vom &#8220;Amel\u00e4nder Bungalow Vermietung Visser&#8221;. Die Bungalows haben allen ein Terasse am Suden, ein eigenes Parkplatz und free WiFi.<\/p>\n\n\n\n<p>Wenn Sie Interesse oder noch Fragen haben, h\u00f6ren wir das gerne!<\/p>\n\n\n\n<figure class=\"wp-block-gallery has-nested-images columns-default is-cropped wp-block-gallery-1 is-layout-flex wp-block-gallery-is-layout-flex\">\n<figure class=\"wp-block-image size-large\"><img loading=\"lazy\" decoding=\"async\" width=\"250\" height=\"171\" data-id=\"18\" src=\"https:\/\/abv-visser.nl\/site\/wp-content\/uploads\/klein-foto-zilvermeeuw-irene-klein.jpg\" alt=\"\" class=\"wp-image-18\"\/><figcaption class=\"wp-element-caption\">Zilvermeeuw<\/figcaption><\/figure>\n\n\n\n<figure class=\"wp-block-image size-large\"><img loading=\"lazy\" decoding=\"async\" width=\"250\" height=\"188\" data-id=\"25\" src=\"https:\/\/abv-visser.nl\/site\/wp-content\/uploads\/klein-kruimeltje-geheel.jpg\" alt=\"\" class=\"wp-image-25\"\/><figcaption class=\"wp-element-caption\">Kruimeltje<\/figcaption><\/figure>\n\n\n\n<figure class=\"wp-block-image size-large\"><img loading=\"lazy\" decoding=\"async\" width=\"250\" height=\"188\" data-id=\"67\" src=\"https:\/\/abv-visser.nl\/site\/wp-content\/uploads\/klein-petra-geheel.jpg\" alt=\"\" class=\"wp-image-67\"\/><figcaption class=\"wp-element-caption\">Petra<\/figcaption><\/figure>\n<\/figure>\n","protected":false},"excerpt":{"rendered":"<p>&#8220;Amel\u00e4nder Bungalow Vermietung Visser&#8221; vermietet drei sch\u00f6ne Bungalows auf Ameland in der N\u00e4he von Ballum. Doeke und Eva Visser sind die Eigners und wilkommen Sie gerne auf Ameland. Neben die Vermietung der Bungalows haben Doeke und Eva auch die Amel\u00e4nder Bierbrauerei. Wenn Sie einen Bungalow mieten, stehen bei Ankunft nat\u00fcrlich zwei herliche Amel\u00e4nder Bieren f\u00fcr &hellip; <a href=\"https:\/\/abv-visser.nl\/site\/home-2\/?lang=de\" class=\"more-link\">Continue reading <span class=\"screen-reader-text\">Home<\/span> <span class=\"meta-nav\">&rarr;<\/span><\/a><\/p>\n","protected":false},"author":1,"featured_media":0,"parent":0,"menu_order":0,"comment_status":"closed","ping_status":"closed","template":"","meta":{"footnotes":""},"class_list":["post-7","page","type-page","status-publish","hentry"],"_links":{"self":[{"href":"https:\/\/abv-visser.nl\/site\/wp-json\/wp\/v2\/pages\/7","targetHints":{"allow":["GET"]}}],"collection":[{"href":"https:\/\/abv-visser.nl\/site\/wp-json\/wp\/v2\/pages"}],"about":[{"href":"https:\/\/abv-visser.nl\/site\/wp-json\/wp\/v2\/types\/page"}],"author":[{"embeddable":true,"href":"https:\/\/abv-visser.nl\/site\/wp-json\/wp\/v2\/users\/1"}],"replies":[{"embeddable":true,"href":"https:\/\/abv-visser.nl\/site\/wp-json\/wp\/v2\/comments?post=7"}],"version-history":[{"count":47,"href":"https:\/\/abv-visser.nl\/site\/wp-json\/wp\/v2\/pages\/7\/revisions"}],"predecessor-version":[{"id":829,"href":"https:\/\/abv-visser.nl\/site\/wp-json\/wp\/v2\/pages\/7\/revisions\/829"}],"wp:attachment":[{"href":"https:\/\/abv-visser.nl\/site\/wp-json\/wp\/v2\/media?parent=7"}],"curies":[{"name":"wp","href":"https:\/\/api.w.org\/{rel}","templated":true}]}}