{"id":71,"date":"2014-12-30T11:23:10","date_gmt":"2014-12-30T10:23:10","guid":{"rendered":"http:\/\/abv-visser.nl\/site\/?page_id=71"},"modified":"2019-12-11T09:25:25","modified_gmt":"2019-12-11T08:25:25","slug":"petra-de","status":"publish","type":"page","link":"https:\/\/abv-visser.nl\/site\/petra-de\/?lang=de","title":{"rendered":"Petra"},"content":{"rendered":"\n<div class=\"wp-block-image\"><figure class=\"alignright is-resized\"><img loading=\"lazy\" decoding=\"async\" src=\"https:\/\/abv-visser.nl\/site\/wp-content\/uploads\/type-A5-120.jpg\" alt=\"Plattegrond Petra (ABV-Visser)\" class=\"wp-image-68\" width=\"193\" height=\"187\"\/><\/figure><\/div>\n\n\n\n<figure class=\"wp-block-image size-large\"><img loading=\"lazy\" decoding=\"async\" width=\"250\" height=\"188\" src=\"https:\/\/abv-visser.nl\/site\/wp-content\/uploads\/klein-petra-geheel.jpg\" alt=\"\" class=\"wp-image-456\"\/><figcaption>Petra<\/figcaption><\/figure>\n\n\n\n<p>Petra ist ein gro\u00dfe Bungalow mit WiFi, Bodenheizung, Wasmaschine, 105 m<sup>2<\/sup>. Eint. Wohnzimmer, neue K\u00fcche mit Geschirrsp\u00fcler, 3 Schlafzimmer mit Waschtisch (1 Doppelbett, 2&#215;1 Pers.Betten, 1 Pers. Bett + Kinderbed), Badezimmer mit Badewanne, Waschtisch, Dusche und Toilette, separate Toilette, Flur, Abstellraum und Sonnenterrasse nach S\u00fcden.<br style=\"clear: both;\"><\/p>\n\n\n\n<div class=\"wp-block-image\"><figure class=\"alignleft\"><a href=\"https:\/\/abv-visser.nl\/site\/wp-content\/uploads\/bungalows-in-plattegrond.jpg\"><img loading=\"lazy\" decoding=\"async\" width=\"150\" height=\"150\" src=\"https:\/\/abv-visser.nl\/site\/wp-content\/uploads\/bungalows-in-plattegrond-150x150.jpg\" alt=\"\" class=\"wp-image-20\"\/><\/a><\/figure><\/div>\n\n\n\n<p>Adresse: Ericaveld 319,<br>9162 SN Ballum<\/p>\n\n\n<div aria-live=\"polite\" id=\"soliloquy-container-244_1\" class=\"soliloquy-container soliloquy-transition-fade  soliloquy-theme-base\" style=\"max-width:300px;max-height:202px;\"><ul id=\"soliloquy-244_1\" class=\"soliloquy-slider soliloquy-slides soliloquy-wrap soliloquy-clear\"><li aria-hidden=\"true\" class=\"soliloquy-item soliloquy-item-1 soliloquy-image-slide\" draggable=\"false\" style=\"list-style:none\"><img decoding=\"async\" id=\"soliloquy-image-245\" class=\"soliloquy-image soliloquy-image-1\" src=\"https:\/\/abv-visser.nl\/site\/wp-content\/uploads\/ABV-petra-slaapkamer-1-300x202_c.jpg\" alt=\"ABV petra slaapkamer 1\" \/><\/li><li aria-hidden=\"true\" class=\"soliloquy-item soliloquy-item-2 soliloquy-image-slide\" draggable=\"false\" style=\"list-style:none\"><img decoding=\"async\" id=\"soliloquy-image-254\" class=\"soliloquy-image soliloquy-image-2\" src=\"https:\/\/abv-visser.nl\/site\/wp-content\/uploads\/ABV-badkamer-1-300x202_c.jpg\" alt=\"Badkamer Petra\" \/><\/li><li aria-hidden=\"true\" class=\"soliloquy-item soliloquy-item-3 soliloquy-image-slide\" draggable=\"false\" style=\"list-style:none\"><img decoding=\"async\" id=\"soliloquy-image-600\" class=\"soliloquy-image soliloquy-image-3\" src=\"https:\/\/abv-visser.nl\/site\/wp-content\/uploads\/IMG_2760-kopie-scaled-300x202_c.jpg\" alt=\"IMG_2760 kopie\" \/><\/li><li aria-hidden=\"true\" class=\"soliloquy-item soliloquy-item-4 soliloquy-image-slide\" draggable=\"false\" style=\"list-style:none\"><img decoding=\"async\" id=\"soliloquy-image-602\" class=\"soliloquy-image soliloquy-image-4\" src=\"https:\/\/abv-visser.nl\/site\/wp-content\/uploads\/IMG_2761-kopie-scaled-300x202_c.jpg\" alt=\"IMG_2761 kopie\" \/><\/li><li aria-hidden=\"true\" class=\"soliloquy-item soliloquy-item-5 soliloquy-image-slide\" draggable=\"false\" style=\"list-style:none\"><img decoding=\"async\" id=\"soliloquy-image-604\" class=\"soliloquy-image soliloquy-image-5\" src=\"https:\/\/abv-visser.nl\/site\/wp-content\/uploads\/IMG_2764-kopie-scaled-300x202_c.jpg\" alt=\"IMG_2764 kopie\" \/><\/li><\/ul><\/div><noscript><style type=\"text\/css\">#soliloquy-container-244_1{opacity:1}<\/style><\/noscript>\n","protected":false},"excerpt":{"rendered":"<p>Petra ist ein gro\u00dfe Bungalow mit WiFi, Bodenheizung, Wasmaschine, 105 m2. Eint. Wohnzimmer, neue K\u00fcche mit Geschirrsp\u00fcler, 3 Schlafzimmer mit Waschtisch (1 Doppelbett, 2&#215;1 Pers.Betten, 1 Pers. Bett + Kinderbed), Badezimmer mit Badewanne, Waschtisch, Dusche und Toilette, separate Toilette, Flur, Abstellraum und Sonnenterrasse nach S\u00fcden. Adresse: Ericaveld 319,9162 SN Ballum<\/p>\n","protected":false},"author":1,"featured_media":0,"parent":0,"menu_order":14,"comment_status":"closed","ping_status":"closed","template":"","meta":{"footnotes":""},"class_list":["post-71","page","type-page","status-publish","hentry"],"_links":{"self":[{"href":"https:\/\/abv-visser.nl\/site\/wp-json\/wp\/v2\/pages\/71","targetHints":{"allow":["GET"]}}],"collection":[{"href":"https:\/\/abv-visser.nl\/site\/wp-json\/wp\/v2\/pages"}],"about":[{"href":"https:\/\/abv-visser.nl\/site\/wp-json\/wp\/v2\/types\/page"}],"author":[{"embeddable":true,"href":"https:\/\/abv-visser.nl\/site\/wp-json\/wp\/v2\/users\/1"}],"replies":[{"embeddable":true,"href":"https:\/\/abv-visser.nl\/site\/wp-json\/wp\/v2\/comments?post=71"}],"version-history":[{"count":8,"href":"https:\/\/abv-visser.nl\/site\/wp-json\/wp\/v2\/pages\/71\/revisions"}],"predecessor-version":[{"id":501,"href":"https:\/\/abv-visser.nl\/site\/wp-json\/wp\/v2\/pages\/71\/revisions\/501"}],"wp:attachment":[{"href":"https:\/\/abv-visser.nl\/site\/wp-json\/wp\/v2\/media?parent=71"}],"curies":[{"name":"wp","href":"https:\/\/api.w.org\/{rel}","templated":true}]}}