{"id":89,"date":"2014-12-31T00:02:20","date_gmt":"2014-12-30T23:02:20","guid":{"rendered":"http:\/\/abv-visser.nl\/site\/?page_id=89"},"modified":"2026-01-02T13:09:32","modified_gmt":"2026-01-02T12:09:32","slug":"preisleiste","status":"publish","type":"page","link":"https:\/\/abv-visser.nl\/site\/preisleiste\/?lang=de","title":{"rendered":"Preisliste 2026"},"content":{"rendered":"\n<p class=\"has-text-align-center has-vivid-red-color has-text-color\"><\/p>\n\n\n\n<p>Die An- und Abreisetage sind Freitag und Montag. Nach Absprache ist au\u00dferhalb der Saison manchmal ein anderer An- oder Abreisetag m\u00f6glich. Die Wochenpreise gelten von Freitag bis Freitag.<\/p>\n\n\n\n<p>Wenn Sie eine Woche von Montag bis Montag mieten m\u00f6chten, betr\u00e4gt der Mietpreis den Durchschnitt der Wochenpreise der Woche des ersten Montags und der Woche des zweiten Montags. Die sogenannten \u201e\u00dcbergangwochen\u201c sind bereits in der \u00dcbersicht ber\u00fccksichtigt. Die Wochen innerhalb eines Zeitraums bleiben preislich gleich wie die Freitag-bis-Freitag-Wochen.<\/p>\n\n\n\n<p>Die Preise in der \u00dcbersicht sind:<\/p>\n\n\n\n<ul class=\"wp-block-list\">\n<li>Inklusive Kurtaxe (2,08 \u20ac p.P.p.N.)<\/li>\n\n\n\n<li>Inklusive Wasser- und Stromverbrauch. Gasverbrauch wird mit der Kaution verrechnet.<\/li>\n\n\n\n<li>Inklusive Nutzung des beheizten Schwimmbads (ge\u00f6ffnet von Mai bis September)<\/li>\n\n\n\n<li>Inklusive MwSt.<\/li>\n<\/ul>\n\n\n\n<p>Die Nutzung von Bettw\u00e4sche ist obligatorisch. Sie k\u00f6nnen diese selbst mitbringen oder mieten.<\/p>\n\n\n\n<p>Die Preise sind&nbsp;<strong>exklusive<\/strong>&nbsp;der folgenden eventuellen zus\u00e4tzlichen Kosten:<\/p>\n\n\n\n<ul class=\"wp-block-list\">\n<li>Endreinigung: 70 \u20ac f\u00fcr Bungalow Zilvermeeuw und Bungalow Kruimeltje, 75 \u20ac f\u00fcr Bungalow Petra<\/li>\n\n\n\n<li>100 \u20ac Kaution, diese wird nach Ihrem Aufenthalt mit Ihrem Gasverbrauch verrechnet und zur\u00fcckerstattet. In den Wintermonaten wird die Kaution bei einem Aufenthalt von mehr als 1 Woche erh\u00f6ht. Eventuelle Sch\u00e4den werden von Ihrer Kaution abgezogen.<\/li>\n\n\n\n<li>Aufgrund der hohen Energiepreise haben wir uns entschieden, Ihren Energieverbrauch von Ihrer Kaution abzuziehen. So m\u00f6chten wir den Mietpreis niedrig halten und unsere G\u00e4ste zu einem bewussten Umgang mit Energie anregen. Wir berechnen 1 \u20ac pro Kubikmeter Gasverbrauch.<\/li>\n\n\n\n<li>Bettw\u00e4sche: 10 \u20ac pro Person (optional) Handt\u00fccher (klein\/gro\u00df\/Waschlappen): 7,50 \u20ac pro Person (optional)<\/li>\n\n\n\n<li>Hund (max. 1 pro Bungalow): 25 \u20ac pro Woche, 20 \u20ac pro Wochenende\/Wochenende<\/li>\n<\/ul>\n\n\n\n<h3 class=\"wp-block-heading\">Preisliste 2026<\/h3>\n\n\n\n<figure class=\"wp-block-table table3 is-style-stripes\"><table><tbody><tr><th>\n<div align=\"left\">Periode<\/div>\n<\/th><th>\n<div align=\"left\">Bijzonderheden<\/div>\n<\/th><th>\n<div align=\"left\">Zilvermeeuw<\/div>\n<\/th><th>\n<div align=\"left\">Kruimeltje<\/div>\n<\/th><th>\n<div align=\"left\">Petra<\/div>\n<\/th><\/tr><tr><th><strong>02-01\/13-02 <strong><strong>Woche<br>Mo-Fr\/Fr-Mo<\/strong><\/strong><\/strong><\/th><td>&nbsp;&#8211;<\/td><td>385<br>295<\/td><td>420<br>320<\/td><td>445<br>335<\/td><\/tr><tr><td><em>ma 09-02\/16-02<\/em><\/td><td><em><em><em><em><em><em>&#8220;<em><em><em>\u00dcbergangswoche<\/em><\/em><\/em><\/em><\/em><\/em><\/em>&#8220;<\/em><\/em><\/td><td>400<\/td><td>435<\/td><td><em>475<\/em><\/td><\/tr><tr><th><strong> 13-02\/27-02 <strong><strong>Woche<br>Mo-Fr\/Fr-Mo<\/strong><\/strong><\/strong><\/th><td><strong><strong><strong><strong><strong>Fr\u00fchlingsferien<\/strong><\/strong><\/strong><\/strong><\/strong><\/td><td>420<br>310<\/td><td>445<br>335<\/td><td>500<br>390<\/td><\/tr><tr><td><em> ma 23-02\/02-0<\/em>3<\/td><td><em><em><em><em><em><em>&#8220;<em><em><em>\u00dcbergangswoche<\/em><\/em><\/em><\/em><\/em><\/em><\/em>&#8220;<\/em><\/em><\/td><td><em>400<\/em><\/td><td><em>435 <\/em><\/td><td><em>475 <\/em><\/td><\/tr><tr><th><strong> 27-02\/27-03 <strong><strong>Woche<br>Mo-Fr\/Fr-Mo<\/strong><\/strong><\/strong><\/th><td>&#8211;<\/td><td>385<br>295<\/td><td>420<br>320<\/td><td>445<br>335<\/td><\/tr><tr><td><em>  ma 23-03\/30-<\/em>03<\/td><td><em><em><em><em><em><em>&#8220;<em><em><em>\u00dcbergangswoche<\/em><\/em><\/em><\/em><\/em><\/em><\/em>&#8220;<\/em><\/em><\/td><td><em>420<\/em><\/td><td><em>450<\/em><\/td><td><em>470<\/em><\/td><\/tr><tr><th><strong>27-03\/10-04 <strong><strong>Woche<br>Mo-Fr\/Fr-Mo<\/strong><\/strong><\/strong><\/th><td>&#8211;<\/td><td>560<br>430<\/td><td>590<br>450<\/td><td>620<br>475<\/td><\/tr><tr><td><em> ma 06-04\/13-04<\/em><\/td><td><em><em><em><em><em><em>&#8220;<em><em><em>\u00dcbergangswoche<\/em><\/em><\/em><\/em><\/em><\/em><\/em>&#8220;<\/em><\/em><\/td><td><em>595<\/em><\/td><td><em>625<\/em><\/td><td><em>650<\/em><\/td><\/tr><tr><th>10-04\/05-06 <strong><strong>Woche<br>Mo-Fr\/Fr-Mo<\/strong><\/strong><\/th><td><strong><strong><strong>Verschiedene Feiertage<\/strong><\/strong><\/strong><\/td><td>620<br>470<\/td><td>645<br>490<\/td><td>670<br>510<\/td><\/tr><tr><td><em> ma 01-06\/08-06<\/em><\/td><td><em><em><em><em><em><em>&#8220;<em><em><em>\u00dcbergangswoche<\/em><\/em><\/em><\/em><\/em><\/em><\/em>&#8220;<\/em><\/em><\/td><td><em>640<\/em><\/td><td><em>675<\/em><\/td><td><em>700<\/em><\/td><\/tr><tr><th><strong>05-06\/26-06 <strong><strong>Woche<br>Mo-Fr\/Fr-Mo<\/strong><\/strong><\/strong><\/th><td>&#8211; <br><\/td><td>655<br>500<\/td><td>700<br>535<\/td><td>730<br>550<\/td><\/tr><tr><td><em>  ma 22-06\/29-0<\/em>6<\/td><td><em><em><em><em><em><em>&#8220;<em><em><em>\u00dcbergangswoche<\/em><\/em><\/em><\/em><\/em><\/em><\/em>&#8220;<\/em><\/em><\/td><td><em>770<\/em><\/td><td><em>830<\/em><\/td><td><em>870<\/em><\/td><\/tr><tr><th><strong>26-06\/28-08 <strong><strong>Woche<br>Mo-Fr\/Fr-Mo<\/strong><\/strong><\/strong><\/th><td><strong><strong><strong><strong><strong>Sommerferien<\/strong><\/strong><\/strong><\/strong><\/strong><\/td><td>880<br>670<\/td><td>955<br>725<\/td><td>1000<br>755<\/td><\/tr><tr><td><em>   ma 24-08\/31-08<\/em><\/td><td><em><em><em><em><em>&#8220;<em><em><em>\u00dcbergangswoche<\/em><\/em><\/em><\/em><\/em><\/em><\/em>&#8220;<\/em><\/td><td><em>735<\/em><\/td><td><em>795<\/em><\/td><td><em>825<\/em><\/td><\/tr><tr><th><strong>28-08\/23-10 <strong><strong>Woche<br>Mo-Fr\/Fr-Mo<\/strong><\/strong><\/strong><\/th><td><strong><strong><strong><strong><strong>Herbstferien<\/strong><\/strong><\/strong><\/strong><\/strong><\/td><td>590<br>440<\/td><td>630<br>480<\/td><td>640<br>490<\/td><\/tr><tr><td><em>  ma 19-10\/26-10 <\/em><\/td><td><em><em><em><em><em><em>&#8220;<em><em><em>\u00dcbergangswoche<\/em><\/em><\/em><\/em><\/em><\/em><\/em>&#8220;<\/em><\/em><\/td><td><em>575<\/em><\/td><td><em>615<\/em><\/td><td><em>630<\/em><\/td><\/tr><tr><th><strong>23-10\/30-10 <strong><strong>Woche<br>Mo-Fr\/Fr-Mo<\/strong><\/strong><\/strong><\/th><td>&#8211;<\/td><td>560<br>430<\/td><td>590<br>450<\/td><td>620<br>475<\/td><\/tr><tr><td><em> ma 26-10\/02-11<\/em><\/td><td><em><em><em><em><em><em>&#8220;<em><em><em>\u00dcbergangswoche<\/em><\/em><\/em><\/em><\/em><\/em><\/em>&#8220;<\/em><\/em><\/td><td><em>475<\/em><\/td><td><em>510<\/em><\/td><td><em>530<\/em><\/td><\/tr><tr><th><strong>30-10\/18-12 <strong><strong>Woche<br>Mo-Fr\/Fr-Mo<\/strong><\/strong><\/strong><\/th><td>&nbsp;&#8211;<\/td><td>385<br>295<\/td><td>420<br>320<\/td><td>445<br>335<\/td><\/tr><tr><td><em>ma 15-12\/22-12<\/em><\/td><td><em><em><em><em><em>&#8220;<em><em><em>\u00dcbergangswoche<\/em><\/em><\/em><\/em><\/em><\/em><\/em>&#8220;<\/em><\/td><td><em>455<\/em><\/td><td><em>485<\/em><\/td><td><em>505<\/em><\/td><\/tr><tr><th><strong>18-12\/01-01 <strong><strong>Woche<br>Mo-Fr\/Fr-Mo<\/strong><\/strong><\/strong><\/th><td><strong><strong><strong><strong><strong>Weihnachten\/Sylvester<\/strong><\/strong><\/strong><\/strong><\/strong><\/td><td>630<br>480<\/td><td>655<br>495<\/td><td>680<br>520<\/td><\/tr><\/tbody><\/table><\/figure>\n\n\n\n<p><em><meta charset=\"utf-8\"><em>\u00c4nderungen vorbehalten<\/em><\/em><\/p>\n","protected":false},"excerpt":{"rendered":"<p>Die An- und Abreisetage sind Freitag und Montag. Nach Absprache ist au\u00dferhalb der Saison manchmal ein anderer An- oder Abreisetag m\u00f6glich. Die Wochenpreise gelten von Freitag bis Freitag. Wenn Sie eine Woche von Montag bis Montag mieten m\u00f6chten, betr\u00e4gt der Mietpreis den Durchschnitt der Wochenpreise der Woche des ersten Montags und der Woche des zweiten &hellip; <a href=\"https:\/\/abv-visser.nl\/site\/preisleiste\/?lang=de\" class=\"more-link\">Continue reading <span class=\"screen-reader-text\">Preisliste 2026<\/span> <span class=\"meta-nav\">&rarr;<\/span><\/a><\/p>\n","protected":false},"author":1,"featured_media":0,"parent":0,"menu_order":30,"comment_status":"closed","ping_status":"closed","template":"","meta":{"footnotes":""},"class_list":["post-89","page","type-page","status-publish","hentry"],"_links":{"self":[{"href":"https:\/\/abv-visser.nl\/site\/wp-json\/wp\/v2\/pages\/89","targetHints":{"allow":["GET"]}}],"collection":[{"href":"https:\/\/abv-visser.nl\/site\/wp-json\/wp\/v2\/pages"}],"about":[{"href":"https:\/\/abv-visser.nl\/site\/wp-json\/wp\/v2\/types\/page"}],"author":[{"embeddable":true,"href":"https:\/\/abv-visser.nl\/site\/wp-json\/wp\/v2\/users\/1"}],"replies":[{"embeddable":true,"href":"https:\/\/abv-visser.nl\/site\/wp-json\/wp\/v2\/comments?post=89"}],"version-history":[{"count":81,"href":"https:\/\/abv-visser.nl\/site\/wp-json\/wp\/v2\/pages\/89\/revisions"}],"predecessor-version":[{"id":972,"href":"https:\/\/abv-visser.nl\/site\/wp-json\/wp\/v2\/pages\/89\/revisions\/972"}],"wp:attachment":[{"href":"https:\/\/abv-visser.nl\/site\/wp-json\/wp\/v2\/media?parent=89"}],"curies":[{"name":"wp","href":"https:\/\/api.w.org\/{rel}","templated":true}]}}