{"id":97,"date":"2014-12-31T00:08:44","date_gmt":"2014-12-30T23:08:44","guid":{"rendered":"http:\/\/abv-visser.nl\/site\/?page_id=97"},"modified":"2026-01-02T13:06:57","modified_gmt":"2026-01-02T12:06:57","slug":"information","status":"publish","type":"page","link":"https:\/\/abv-visser.nl\/site\/information\/?lang=de","title":{"rendered":"Information"},"content":{"rendered":"\n<p>Unsere Bungalows liegen im Park &#8220;Roosd\u00fbnen&#8221;, etwa 500 Meter von dem Dorf Ballum entfernt. Dieser Park liegt am Rande der sch\u00f6nen Ballumer D\u00fcnen ungef\u00e4hr 900 Meter vom Strand.<\/p>\n\n\n\n<p>Alle Bungalows sind freistehend auf 500 bis 1000 m2 eigenen Grundst\u00fcck mit Parkplatz. Sie sind ausgestattet mit WiFi, Radio, Fernseher, DVD-Player, Zentralheizung, Microwelle mit Grill und Backofen,Geschirrsp\u00fcler, K\u00fchlschrank, Staubsauger, Kaffeemachine, Senseo und Wastisch in jedem Schlafzimmer. Bungalow Petra und Bungalow Kruimeltje haben auch ein Wasmachin.<\/p>\n\n\n\n<p>Der Gebrauch eines Kinderbettes und -stuhl ist m\u00f6glich.<\/p>\n\n\n\n<p>Bettw\u00e4sche k\u00f6nnen Sie mieten f\u00fcr \u20ac 10,- pro Person oder selber mitbringen (Decken sind im Bungalow). Der Gebrauch von Bettw\u00e4sche ist verpflichtend.<\/p>\n\n\n\n<p>Unsere G\u00e4sten k\u00f6nnen ohne Kosten schwimmen in das gro\u00dfen beheizten Freibad. Das Schwimmbad hat ein Kleinkindbecken, ein Nichtschwimmerbecken, ein 25 Meter Becken und eine 35 Meter lange Rutsche. An den Becken befinden sich eine gro\u00dfe Liegewiese und Spielger\u00e4te. Das Schwimmbad ist von Mitte Mai bis Mitte September ge\u00f6ffnet.<\/p>\n\n\n\n<figure class=\"wp-block-image size-large\"><img loading=\"lazy\" decoding=\"async\" width=\"955\" height=\"434\" src=\"https:\/\/abv-visser.nl\/site\/wp-content\/uploads\/wad-bij-zonsondergang-e1515398537808-1.png\" alt=\"\" class=\"wp-image-505\" srcset=\"https:\/\/abv-visser.nl\/site\/wp-content\/uploads\/wad-bij-zonsondergang-e1515398537808-1.png 955w, https:\/\/abv-visser.nl\/site\/wp-content\/uploads\/wad-bij-zonsondergang-e1515398537808-1-300x136.png 300w, https:\/\/abv-visser.nl\/site\/wp-content\/uploads\/wad-bij-zonsondergang-e1515398537808-1-768x349.png 768w\" sizes=\"auto, (max-width: 955px) 100vw, 955px\" \/><\/figure>\n\n\n\n<p>Sie k\u00f6nnen die Insel mit dem Bus aus Leeuwarden oder aus Groningen (im Sommer) erreichen. Wenn Sie das Auto mitbringen m\u00f6chten, dann sollten Sie einen Platz auf der F\u00e4hre reservieren. Das ist bei WAGENBORG (Tel: +31 85 4011008. ) oder <a title=\"Wagenborg Passagiersdiensten\" href=\"http:\/\/www.wpd.nl\" target=\"_blank\" rel=\"noopener noreferrer\">www.wpd.nl<\/a>.<\/p>\n","protected":false},"excerpt":{"rendered":"<p>Unsere Bungalows liegen im Park &#8220;Roosd\u00fbnen&#8221;, etwa 500 Meter von dem Dorf Ballum entfernt. Dieser Park liegt am Rande der sch\u00f6nen Ballumer D\u00fcnen ungef\u00e4hr 900 Meter vom Strand. Alle Bungalows sind freistehend auf 500 bis 1000 m2 eigenen Grundst\u00fcck mit Parkplatz. Sie sind ausgestattet mit WiFi, Radio, Fernseher, DVD-Player, Zentralheizung, Microwelle mit Grill und Backofen,Geschirrsp\u00fcler, &hellip; <a href=\"https:\/\/abv-visser.nl\/site\/information\/?lang=de\" class=\"more-link\">Continue reading <span class=\"screen-reader-text\">Information<\/span> <span class=\"meta-nav\">&rarr;<\/span><\/a><\/p>\n","protected":false},"author":1,"featured_media":0,"parent":0,"menu_order":20,"comment_status":"closed","ping_status":"closed","template":"","meta":{"footnotes":""},"class_list":["post-97","page","type-page","status-publish","hentry"],"_links":{"self":[{"href":"https:\/\/abv-visser.nl\/site\/wp-json\/wp\/v2\/pages\/97","targetHints":{"allow":["GET"]}}],"collection":[{"href":"https:\/\/abv-visser.nl\/site\/wp-json\/wp\/v2\/pages"}],"about":[{"href":"https:\/\/abv-visser.nl\/site\/wp-json\/wp\/v2\/types\/page"}],"author":[{"embeddable":true,"href":"https:\/\/abv-visser.nl\/site\/wp-json\/wp\/v2\/users\/1"}],"replies":[{"embeddable":true,"href":"https:\/\/abv-visser.nl\/site\/wp-json\/wp\/v2\/comments?post=97"}],"version-history":[{"count":14,"href":"https:\/\/abv-visser.nl\/site\/wp-json\/wp\/v2\/pages\/97\/revisions"}],"predecessor-version":[{"id":970,"href":"https:\/\/abv-visser.nl\/site\/wp-json\/wp\/v2\/pages\/97\/revisions\/970"}],"wp:attachment":[{"href":"https:\/\/abv-visser.nl\/site\/wp-json\/wp\/v2\/media?parent=97"}],"curies":[{"name":"wp","href":"https:\/\/api.w.org\/{rel}","templated":true}]}}